{"id":488,"date":"2016-09-13T21:26:57","date_gmt":"2016-09-13T21:26:57","guid":{"rendered":"http:\/\/zakopane.franciszkanie.pl\/?page_id=488"},"modified":"2026-01-08T18:15:32","modified_gmt":"2026-01-08T18:15:32","slug":"o-nas","status":"publish","type":"page","link":"https:\/\/zakopane.franciszkanie.pl\/?page_id=488","title":{"rendered":"Dom &#8222;Kos\u00f3wka&#8221;"},"content":{"rendered":"<p><a href=\"https:\/\/www.facebook.com\/franciszkanie.zakopane\"><img loading=\"lazy\" decoding=\"async\" class=\"wp-image-506\" src=\"https:\/\/zakopane.franciszkanie.pl\/wp-content\/uploads\/2016\/09\/Zrzut-ekranu-2016-09-14-o-09.55.11.png\" alt=\"zrzut-ekranu-2016-09-14-o-09-55-11\" width=\"35\" height=\"35\" \/><\/a>\u00a0<a href=\"https:\/\/twitter.com\/_OFMConv\"><img loading=\"lazy\" decoding=\"async\" class=\"alignnone wp-image-973\" src=\"https:\/\/zakopane.franciszkanie.pl\/wp-content\/uploads\/2016\/05\/Zrzut-ekranu-2016-12-14-o-00.00.01.png\" alt=\"zrzut-ekranu-2016-12-14-o-00-00-01\" width=\"43\" height=\"35\" \/><\/a>\u00a0<a href=\"https:\/\/www.youtube.com\/channel\/UCJRZbXvrU2SinZr-SUjbCLQ?disable_polymer=true\"><img loading=\"lazy\" decoding=\"async\" class=\"alignnone wp-image-974\" src=\"https:\/\/zakopane.franciszkanie.pl\/wp-content\/uploads\/2016\/05\/Zrzut-ekranu-2016-12-14-o-00.04.01.png\" alt=\"zrzut-ekranu-2016-12-14-o-00-04-01\" width=\"76\" height=\"36\" \/><\/a><\/p>\n<p><span style=\"color: #ffffff;\">.<\/span><br \/>\n<img loading=\"lazy\" decoding=\"async\" class=\"alignnone size-large wp-image-1639\" src=\"https:\/\/zakopane.franciszkanie.pl\/wp-content\/uploads\/2018\/06\/IMG_8509-1024x768.jpg\" alt=\"\" width=\"474\" height=\"356\" srcset=\"https:\/\/zakopane.franciszkanie.pl\/wp-content\/uploads\/2018\/06\/IMG_8509-1024x768.jpg 1024w, https:\/\/zakopane.franciszkanie.pl\/wp-content\/uploads\/2018\/06\/IMG_8509-300x225.jpg 300w, https:\/\/zakopane.franciszkanie.pl\/wp-content\/uploads\/2018\/06\/IMG_8509-768x576.jpg 768w\" sizes=\"auto, (max-width: 474px) 100vw, 474px\" \/><\/p>\n<p><img loading=\"lazy\" decoding=\"async\" class=\"alignnone wp-image-2082\" src=\"https:\/\/zakopane.franciszkanie.pl\/wp-content\/uploads\/2026\/01\/IMG_0274-300x225.jpeg\" alt=\"\" width=\"475\" height=\"356\" srcset=\"https:\/\/zakopane.franciszkanie.pl\/wp-content\/uploads\/2026\/01\/IMG_0274-300x225.jpeg 300w, https:\/\/zakopane.franciszkanie.pl\/wp-content\/uploads\/2026\/01\/IMG_0274-1024x768.jpeg 1024w, https:\/\/zakopane.franciszkanie.pl\/wp-content\/uploads\/2026\/01\/IMG_0274-768x576.jpeg 768w, https:\/\/zakopane.franciszkanie.pl\/wp-content\/uploads\/2026\/01\/IMG_0274-1536x1152.jpeg 1536w, https:\/\/zakopane.franciszkanie.pl\/wp-content\/uploads\/2026\/01\/IMG_0274-2048x1536.jpeg 2048w\" sizes=\"auto, (max-width: 475px) 100vw, 475px\" \/>Dom posiada 3 pokoje z \u0142azienkami i 1 pok\u00f3j z \u0142azienk\u0105 na korytarzu.\u00a0Pokoje s\u0105 2-3 osobowe. Og\u00f3lna liczba miejsc: 10.<\/p>\n<p><img loading=\"lazy\" decoding=\"async\" class=\"alignnone wp-image-2080\" src=\"https:\/\/zakopane.franciszkanie.pl\/wp-content\/uploads\/2026\/01\/IMG_0134-300x225.jpeg\" alt=\"\" width=\"475\" height=\"356\" srcset=\"https:\/\/zakopane.franciszkanie.pl\/wp-content\/uploads\/2026\/01\/IMG_0134-300x225.jpeg 300w, https:\/\/zakopane.franciszkanie.pl\/wp-content\/uploads\/2026\/01\/IMG_0134-1024x768.jpeg 1024w, https:\/\/zakopane.franciszkanie.pl\/wp-content\/uploads\/2026\/01\/IMG_0134-768x576.jpeg 768w, https:\/\/zakopane.franciszkanie.pl\/wp-content\/uploads\/2026\/01\/IMG_0134-1536x1152.jpeg 1536w, https:\/\/zakopane.franciszkanie.pl\/wp-content\/uploads\/2026\/01\/IMG_0134-2048x1536.jpeg 2048w\" sizes=\"auto, (max-width: 475px) 100vw, 475px\" \/><\/p>\n<p>Dla go\u015bci dost\u0119pna jest kuchnia oraz jadalnia<\/p>\n<p><img loading=\"lazy\" decoding=\"async\" class=\"alignnone size-large wp-image-1641\" src=\"https:\/\/zakopane.franciszkanie.pl\/wp-content\/uploads\/2018\/06\/IMG_2748-1024x768.jpg\" alt=\"\" width=\"474\" height=\"356\" srcset=\"https:\/\/zakopane.franciszkanie.pl\/wp-content\/uploads\/2018\/06\/IMG_2748-1024x768.jpg 1024w, https:\/\/zakopane.franciszkanie.pl\/wp-content\/uploads\/2018\/06\/IMG_2748-300x225.jpg 300w, https:\/\/zakopane.franciszkanie.pl\/wp-content\/uploads\/2018\/06\/IMG_2748-768x576.jpg 768w\" sizes=\"auto, (max-width: 474px) 100vw, 474px\" \/>oraz salka telewizyjna.<\/p>\n<p><img loading=\"lazy\" decoding=\"async\" class=\"alignnone size-large wp-image-1635\" src=\"https:\/\/zakopane.franciszkanie.pl\/wp-content\/uploads\/2018\/06\/IMG_2342-1024x768.jpg\" alt=\"\" width=\"474\" height=\"356\" srcset=\"https:\/\/zakopane.franciszkanie.pl\/wp-content\/uploads\/2018\/06\/IMG_2342-1024x768.jpg 1024w, https:\/\/zakopane.franciszkanie.pl\/wp-content\/uploads\/2018\/06\/IMG_2342-300x225.jpg 300w, https:\/\/zakopane.franciszkanie.pl\/wp-content\/uploads\/2018\/06\/IMG_2342-768x576.jpg 768w\" sizes=\"auto, (max-width: 474px) 100vw, 474px\" \/>W domu mo\u017cna korzysta\u0107 z kaplicy pw. b\u0142. M\u0119czennik\u00f3w o. \u00a0Zbigniewa Strza\u0142kowskiego i o. Micha\u0142a Tomaszka (pierwsza i jedyna kaplica pod tym wezwaniem w Polsce).<\/p>\n<p><img loading=\"lazy\" decoding=\"async\" class=\"alignnone size-large wp-image-1643\" src=\"https:\/\/zakopane.franciszkanie.pl\/wp-content\/uploads\/2018\/06\/IMG_2744-1024x768.jpg\" alt=\"\" width=\"474\" height=\"356\" srcset=\"https:\/\/zakopane.franciszkanie.pl\/wp-content\/uploads\/2018\/06\/IMG_2744-1024x768.jpg 1024w, https:\/\/zakopane.franciszkanie.pl\/wp-content\/uploads\/2018\/06\/IMG_2744-300x225.jpg 300w, https:\/\/zakopane.franciszkanie.pl\/wp-content\/uploads\/2018\/06\/IMG_2744-768x576.jpg 768w\" sizes=\"auto, (max-width: 474px) 100vw, 474px\" \/>Dla &#8222;ksi\u0105\u017ckowych moli&#8221; zorganizowana jest biblioteczka .<\/p>\n<p><img loading=\"lazy\" decoding=\"async\" class=\"alignnone size-large wp-image-1644\" src=\"https:\/\/zakopane.franciszkanie.pl\/wp-content\/uploads\/2018\/06\/IMG_2749-2-1024x768.jpg\" alt=\"\" width=\"474\" height=\"356\" srcset=\"https:\/\/zakopane.franciszkanie.pl\/wp-content\/uploads\/2018\/06\/IMG_2749-2-1024x768.jpg 1024w, https:\/\/zakopane.franciszkanie.pl\/wp-content\/uploads\/2018\/06\/IMG_2749-2-300x225.jpg 300w, https:\/\/zakopane.franciszkanie.pl\/wp-content\/uploads\/2018\/06\/IMG_2749-2-768x576.jpg 768w\" sizes=\"auto, (max-width: 474px) 100vw, 474px\" \/>Obok domu jest du\u017cy ogr\u00f3d<\/p>\n<p><img loading=\"lazy\" decoding=\"async\" class=\"alignnone size-large wp-image-1640\" src=\"https:\/\/zakopane.franciszkanie.pl\/wp-content\/uploads\/2018\/06\/IMG_2751-1024x768.jpg\" alt=\"\" width=\"474\" height=\"356\" srcset=\"https:\/\/zakopane.franciszkanie.pl\/wp-content\/uploads\/2018\/06\/IMG_2751-1024x768.jpg 1024w, https:\/\/zakopane.franciszkanie.pl\/wp-content\/uploads\/2018\/06\/IMG_2751-300x225.jpg 300w, https:\/\/zakopane.franciszkanie.pl\/wp-content\/uploads\/2018\/06\/IMG_2751-768x576.jpg 768w\" sizes=\"auto, (max-width: 474px) 100vw, 474px\" \/>\u00a0i miejsce na grilla.<\/p>\n<p><img loading=\"lazy\" decoding=\"async\" class=\"alignnone wp-image-549 alignleft\" src=\"https:\/\/zakopane.franciszkanie.pl\/wp-content\/uploads\/2016\/09\/Zrzut-ekranu-2016-09-14-o-13.29.02.png\" alt=\"zrzut-ekranu-2016-09-14-o-13-29-02\" width=\"59\" height=\"56\" \/>Przed domem znajduje si\u0119 ma\u0142y parking dla go\u015bci &#8222;Kos\u00f3wki&#8221;.<\/p>\n<p><img loading=\"lazy\" decoding=\"async\" class=\"alignnone wp-image-548\" src=\"https:\/\/zakopane.franciszkanie.pl\/wp-content\/uploads\/2016\/09\/Zrzut-ekranu-2016-09-14-o-13.28.33.png\" alt=\"zrzut-ekranu-2016-09-14-o-13-28-33\" width=\"57\" height=\"33\" \/>\u00a0 \u00a0 \u00a0 \u00a0W domu jest dost\u0119pna zabezpieczona strefa Wifi.<\/p>\n<p style=\"text-align: center;\"><strong><span style=\"color: #000080;\">Nie pobieramy op\u0142at:<\/span><\/strong><\/p>\n<h4 style=\"text-align: center;\"><span style=\"color: #ff0000;\">prosimy, aby z\u0142o\u017cy\u0107 <strong><a style=\"color: #ff0000;\" href=\"http:\/\/www.jakatolik.com\/artykuly\/Jalmuzna-czy-dawac-i-komu\">ja\u0142mu\u017cn\u0119<\/a> <\/strong><\/span><span style=\"color: #ff0000;\">na urzymanie tego miejsca.<\/span><\/h4>\n<p style=\"text-align: center;\"><strong><span style=\"color: #000080;\">Prezbiterzy mog\u0105 sprawowa\u0107 wyznaczon\u0105 intencj\u0119 Mszy \u015bw.<\/span><\/strong><\/p>\n<p style=\"text-align: center;\"><img loading=\"lazy\" decoding=\"async\" class=\"alignnone size-large wp-image-1646\" src=\"https:\/\/zakopane.franciszkanie.pl\/wp-content\/uploads\/2018\/06\/IMG_6346-1024x768.jpg\" alt=\"\" width=\"474\" height=\"356\" srcset=\"https:\/\/zakopane.franciszkanie.pl\/wp-content\/uploads\/2018\/06\/IMG_6346-1024x768.jpg 1024w, https:\/\/zakopane.franciszkanie.pl\/wp-content\/uploads\/2018\/06\/IMG_6346-300x225.jpg 300w, https:\/\/zakopane.franciszkanie.pl\/wp-content\/uploads\/2018\/06\/IMG_6346-768x576.jpg 768w\" sizes=\"auto, (max-width: 474px) 100vw, 474px\" \/><span style=\"color: #800000;\">Je\u015bli nie szukasz hotelowych luksus\u00f3w, <\/span><span style=\"color: #800000;\">nie chcesz si\u0119 &#8222;wyszumie\u0107&#8221;, potrzebujesz prostego i praktycznego miejsca blisko g\u00f3r i niedaleko od centrum Zakopanego, chcesz prze\u017cy\u0107 czas odpoczynku blisko Boga i daleko od t\u0142um\u00f3w<\/span><strong><span style=\"color: #800000;\"> &#8211; to mo\u017ce by\u0107 miejsce dla Ciebie!<\/span><\/strong><\/p>\n<p><img loading=\"lazy\" decoding=\"async\" class=\"wp-image-517 aligncenter\" src=\"https:\/\/zakopane.franciszkanie.pl\/wp-content\/uploads\/2016\/04\/Logo-Kos\u00f3wka-288x300.png\" alt=\"logo-kosowka\" width=\"116\" height=\"121\" srcset=\"https:\/\/zakopane.franciszkanie.pl\/wp-content\/uploads\/2016\/04\/Logo-Kos\u00f3wka-288x300.png 288w, https:\/\/zakopane.franciszkanie.pl\/wp-content\/uploads\/2016\/04\/Logo-Kos\u00f3wka-768x801.png 768w, https:\/\/zakopane.franciszkanie.pl\/wp-content\/uploads\/2016\/04\/Logo-Kos\u00f3wka-982x1024.png 982w, https:\/\/zakopane.franciszkanie.pl\/wp-content\/uploads\/2016\/04\/Logo-Kos\u00f3wka.png 1599w\" sizes=\"auto, (max-width: 116px) 100vw, 116px\" \/><\/p>\n","protected":false},"excerpt":{"rendered":"<p>\u00a0\u00a0 . Dom posiada 3 pokoje z \u0142azienkami i 1 pok\u00f3j z \u0142azienk\u0105 na korytarzu.\u00a0Pokoje s\u0105 2-3 osobowe. Og\u00f3lna liczba miejsc: 10. Dla go\u015bci dost\u0119pna jest kuchnia oraz jadalnia oraz salka telewizyjna. W domu mo\u017cna korzysta\u0107 z kaplicy pw. b\u0142. M\u0119czennik\u00f3w o. \u00a0Zbigniewa Strza\u0142kowskiego i o. Micha\u0142a Tomaszka (pierwsza i jedyna kaplica pod tym wezwaniem &hellip; <a href=\"https:\/\/zakopane.franciszkanie.pl\/?page_id=488\" class=\"more-link\">Czytaj dalej <span class=\"screen-reader-text\">Dom &#8222;Kos\u00f3wka&#8221;<\/span> <span class=\"meta-nav\">&rarr;<\/span><\/a><\/p>\n","protected":false},"author":2,"featured_media":0,"parent":0,"menu_order":0,"comment_status":"closed","ping_status":"closed","template":"","meta":{"footnotes":""},"class_list":["post-488","page","type-page","status-publish","hentry"],"_links":{"self":[{"href":"https:\/\/zakopane.franciszkanie.pl\/index.php?rest_route=\/wp\/v2\/pages\/488","targetHints":{"allow":["GET"]}}],"collection":[{"href":"https:\/\/zakopane.franciszkanie.pl\/index.php?rest_route=\/wp\/v2\/pages"}],"about":[{"href":"https:\/\/zakopane.franciszkanie.pl\/index.php?rest_route=\/wp\/v2\/types\/page"}],"author":[{"embeddable":true,"href":"https:\/\/zakopane.franciszkanie.pl\/index.php?rest_route=\/wp\/v2\/users\/2"}],"replies":[{"embeddable":true,"href":"https:\/\/zakopane.franciszkanie.pl\/index.php?rest_route=%2Fwp%2Fv2%2Fcomments&post=488"}],"version-history":[{"count":51,"href":"https:\/\/zakopane.franciszkanie.pl\/index.php?rest_route=\/wp\/v2\/pages\/488\/revisions"}],"predecessor-version":[{"id":613,"href":"https:\/\/zakopane.franciszkanie.pl\/index.php?rest_route=\/wp\/v2\/pages\/488\/revisions\/613"}],"wp:attachment":[{"href":"https:\/\/zakopane.franciszkanie.pl\/index.php?rest_route=%2Fwp%2Fv2%2Fmedia&parent=488"}],"curies":[{"name":"wp","href":"https:\/\/api.w.org\/{rel}","templated":true}]}}