{"id":422,"date":"2016-09-18T02:36:20","date_gmt":"2016-09-18T02:36:20","guid":{"rendered":"http:\/\/demo.themefreesia.com\/pixgraphy\/?page_id=2"},"modified":"2026-01-13T07:21:31","modified_gmt":"2026-01-13T07:21:31","slug":"sample-page-3","status":"publish","type":"page","link":"https:\/\/zakopane.franciszkanie.pl\/?page_id=422","title":{"rendered":"Rezerwacje"},"content":{"rendered":"<p style=\"padding-left: 30px;\"><a href=\"https:\/\/www.facebook.com\/franciszkanie.zakopane\"><img loading=\"lazy\" decoding=\"async\" class=\"wp-image-506\" src=\"https:\/\/zakopane.franciszkanie.pl\/wp-content\/uploads\/2016\/09\/Zrzut-ekranu-2016-09-14-o-09.55.11.png\" alt=\"zrzut-ekranu-2016-09-14-o-09-55-11\" width=\"35\" height=\"35\" \/><\/a>\u00a0<a href=\"https:\/\/twitter.com\/_OFMConv\"><img loading=\"lazy\" decoding=\"async\" class=\"alignnone wp-image-973\" src=\"https:\/\/zakopane.franciszkanie.pl\/wp-content\/uploads\/2016\/05\/Zrzut-ekranu-2016-12-14-o-00.00.01.png\" alt=\"zrzut-ekranu-2016-12-14-o-00-00-01\" width=\"43\" height=\"35\" \/><\/a>\u00a0<a href=\"https:\/\/www.youtube.com\/channel\/UCJRZbXvrU2SinZr-SUjbCLQ?disable_polymer=true\"><img loading=\"lazy\" decoding=\"async\" class=\"alignnone wp-image-974\" src=\"https:\/\/zakopane.franciszkanie.pl\/wp-content\/uploads\/2016\/05\/Zrzut-ekranu-2016-12-14-o-00.04.01.png\" alt=\"zrzut-ekranu-2016-12-14-o-00-04-01\" width=\"76\" height=\"36\" \/><\/a><\/p>\n<p style=\"text-align: center;\"><span style=\"color: #000080;\"><strong>Terminy rezerwacji\u00a0pokoi\u00a0<\/strong><\/span><span style=\"color: #000080;\">(aktualizowane s\u0105\u00a0na bie\u017c\u0105co)<\/span><\/p>\n<p style=\"text-align: center;\"><span style=\"color: #ff0000;\"><strong>Poni\u017cej znajduje si\u0119 kalendarz rezerwacji oraz<\/strong><\/span><strong style=\"color: #ff0000;\">\u00a0informacje: jak dokona\u0107 rezerwacji, regulamin domu, informacja dotycz\u0105ca &#8222;op\u0142at&#8221; oraz opis pokoi.\u00a0<\/strong><\/p>\n<p style=\"text-align: center;\"><span style=\"color: #000080;\">Prosz\u0119 chwil\u0119 poczeka\u0107, a\u017c kalendarz si\u0119 za\u0142aduje lub ponownie od\u015bwie\u017cy\u0107 stron\u0119.<\/span><\/p>\n<p><iframe loading=\"lazy\" style=\"border-width: 0;\" src=\"https:\/\/calendar.google.com\/calendar\/embed?height=600&amp;wkst=2&amp;bgcolor=%23FFFFFF&amp;src=franciszkanie.zakopane%40gmail.com&amp;color=%231B887A&amp;ctz=Europe%2FWarsaw\" width=\"800\" height=\"600\" frameborder=\"0\" scrolling=\"no\"><\/iframe><\/p>\n<p><strong>Pokoi jest cztery: nr 1, nr 3, nr 4 i nr 5. <\/strong>W\u00a0pokoju nr 2 jest kaplica (tego pokoju nie rezerwujemy, bo stale zamieszkuje go Pan tego domu).<\/p>\n<ul>\n<li>&#8222;Rezerwacja ca\u0142ego domu&#8221; &#8211; wszystkie pokoje s\u0105 zaznaczonym terminie zaj\u0119te<\/li>\n<li>&#8222;Rezerwacja p. nr &#8230;&#8221; \u00a0&#8211; dany pok\u00f3j w zaznaczonym terminie jest zaj\u0119ty<\/li>\n<\/ul>\n<p><strong>W dzie\u0144 przyjazdu lub wyjazdu go\u015bci &#8211; \u00a0nie przyjmujemy innych rezerwacji (rezerwacja dotyczy dni a nie nocy). \u00a0Tak zwana &#8222;doba hotelowa&#8221; w Kos\u00f3wce rozpoczyna si\u0119 danego dnia w po\u0142udnie (12.00) i ko\u0144czy si\u0119 w po\u0142udnie (12.00) dnia nast\u0119pnego (niestandardowe sytuacje ustalamy z Gospodarzem domu).<\/strong><\/p>\n<p style=\"text-align: center;\"><span style=\"color: #ff0000;\"><strong>Jak dokona\u0107 rezerwacji?<\/strong><\/span><\/p>\n<p><strong>Rezerwacji mog\u0105 dokonywa\u0107 osoby pe\u0142noletnie. Nie udost\u0119pniamy miejsca osobom niepe\u0142noletnim &#8211; bez obecno\u015bci odpowiedzialnej za dziecko doros\u0142ej osoby.<\/strong> Osoba rezerwuj\u0105ca pok\u00f3j zgadza si\u0119, \u017ce bierze odpowiedzialno\u015b\u0107 za pozosta\u0142e osoby, dla kt\u00f3rych rezerwuje miejsce.<\/p>\n<ul>\n<li>Wybierz pok\u00f3j i interesuj\u0105cy Ci\u0119 termin. Wy\u015blij pro\u015bb\u0119 o rezerwacj\u0119 na adres e-mail: <span style=\"color: #0000ff;\"><a style=\"color: #0000ff;\" href=\"mailto:zakopane@franciszkanie.pl\">zakopane@franciszkanie.pl<\/a><\/span>\u00a0 lub zadzwo\u0144: \u00a0 \u00a0<strong>+48 508 735 747 <span style=\"color: #ff0000;\">(na wiadomo\u015bci sms nie odpowiadam)<\/span> \u00a0<\/strong>W pro\u015bbie podaj:<\/li>\n<li>swoje imi\u0119 i nazwisko,<\/li>\n<li>termin rezerwacji i nr pokoju,<\/li>\n<li>liczb\u0119 os\u00f3b, dla kt\u00f3rych potrzeba zarezerwowa\u0107 miejsce,<\/li>\n<li>adres zamieszkania, nr telefonu do kontaktu i adres e-mail,<\/li>\n<li>poczekaj na potwierdzenie zg\u0142oszenia (zwykle odpowied\u017a jest tego samego dnia lub w dniu nast\u0119pnym).<\/li>\n<\/ul>\n<p><span style=\"color: #000080;\">Wys\u0142ane informacje s\u0105 potrzebne wy\u0142\u0105cznie do kontaktu &#8211; na potrzeby rezerwacji miejsca.\u00a0<\/span><\/p>\n<p>&nbsp;<\/p>\n<h2 style=\"text-align: center;\"><a href=\"https:\/\/zakopane.franciszkanie.pl\/wp-content\/uploads\/2026\/01\/Regulamin-domu.pdf\">Regulamin domu<\/a><\/h2>\n<p><strong>Nie przyjmujemy go\u015bci ze<\/strong> <strong>zwierz\u0119tami<\/strong>, &#8230;ale lubimy zwierz\u0119ta \u00a0\ud83d\ude09<\/p>\n<h2 style=\"text-align: center;\"><span style=\"color: #ff0000;\"><strong>WA\u017bNE:<\/strong><\/span><\/h2>\n<h5><span style=\"color: #ff0000;\"><strong>Prosimy Ci\u0119 o potwierdzenie rezerwacji co najmniej tydzie\u0144 przed przyjazdem (rezerwacje niepotwierdzone zwykle zostaj\u0105 anulowane) oraz o informacj\u0119 o rezygnacji z pobytu (je\u015bli z jakiego\u015b powodu nie b\u0119dziesz m\u00f3g\u0142\/mog\u0142a przyjecha\u0107). Umo\u017cliwi to innym osobom skorzystanie z odpoczynku w &#8222;Kos\u00f3wce&#8221;.<\/strong><\/span><\/h5>\n<p style=\"text-align: center;\"><strong><span style=\"color: #ff0000;\">Op\u0142aty<\/span><\/strong><\/p>\n<h5><span style=\"color: #ff0000;\"><strong>Nie pobieramy op\u0142at &#8211; <\/strong>\u017cyjemy z ofiar; ja\u0142mu\u017cn\u0119 prosimy z\u0142o\u017cy\u0107 do puszki znajduj\u0105cej przy drzwiach wyj\u015bciowych z domu.<\/span><\/h5>\n<p style=\"text-align: center;\"><strong><span style=\"color: #ff0000;\">Opis pokoi<\/span><\/strong><\/p>\n<p>W ka\u017cdym pokoju jest dodatkowo 1 rozk\u0142adane \u0142\u00f3\u017cko. Max liczba go\u015bci 11 do 14 (przy wykorzystaniu \u0142\u00f3\u017cek &#8222;kanadyjskich&#8221;). Dla go\u015bci \u00a0s\u0105 przygotowane: po\u015bciel i r\u0119czniki.<\/p>\n<h1><span style=\"color: #003300;\"><strong>Dost\u0119pne pokoje:<\/strong><\/span><\/h1>\n<h3><strong>POK\u00d3J NR 1 (2 osobowy)<\/strong><\/h3>\n<p>Pok\u00f3j z \u0142azienk\u0105 i toalet\u0105<\/p>\n<p><span style=\"color: #003300;\"><img loading=\"lazy\" decoding=\"async\" class=\"alignnone wp-image-2062\" src=\"https:\/\/zakopane.franciszkanie.pl\/wp-content\/uploads\/2026\/01\/IMG_0280-300x225.jpeg\" alt=\"\" width=\"503\" height=\"377\" srcset=\"https:\/\/zakopane.franciszkanie.pl\/wp-content\/uploads\/2026\/01\/IMG_0280-300x225.jpeg 300w, https:\/\/zakopane.franciszkanie.pl\/wp-content\/uploads\/2026\/01\/IMG_0280-1024x768.jpeg 1024w, https:\/\/zakopane.franciszkanie.pl\/wp-content\/uploads\/2026\/01\/IMG_0280-768x576.jpeg 768w, https:\/\/zakopane.franciszkanie.pl\/wp-content\/uploads\/2026\/01\/IMG_0280-1536x1152.jpeg 1536w, https:\/\/zakopane.franciszkanie.pl\/wp-content\/uploads\/2026\/01\/IMG_0280-2048x1536.jpeg 2048w\" sizes=\"auto, (max-width: 503px) 100vw, 503px\" \/> <\/span><\/p>\n<p><span style=\"color: #003300;\"><img loading=\"lazy\" decoding=\"async\" class=\"alignnone wp-image-2064\" src=\"https:\/\/zakopane.franciszkanie.pl\/wp-content\/uploads\/2026\/01\/IMG_0281-300x225.jpeg\" alt=\"\" width=\"475\" height=\"356\" srcset=\"https:\/\/zakopane.franciszkanie.pl\/wp-content\/uploads\/2026\/01\/IMG_0281-300x225.jpeg 300w, https:\/\/zakopane.franciszkanie.pl\/wp-content\/uploads\/2026\/01\/IMG_0281-1024x768.jpeg 1024w, https:\/\/zakopane.franciszkanie.pl\/wp-content\/uploads\/2026\/01\/IMG_0281-768x576.jpeg 768w, https:\/\/zakopane.franciszkanie.pl\/wp-content\/uploads\/2026\/01\/IMG_0281-1536x1152.jpeg 1536w, https:\/\/zakopane.franciszkanie.pl\/wp-content\/uploads\/2026\/01\/IMG_0281-2048x1536.jpeg 2048w\" sizes=\"auto, (max-width: 475px) 100vw, 475px\" \/><\/span><\/p>\n<p>&nbsp;<\/p>\n<p>&nbsp;<\/p>\n<h3><strong>POK\u00d3J NR 3 (3 osobowy)<\/strong><\/h3>\n<p>Pok\u00f3j na pi\u0119trze, z \u0142azienk\u0105 i toalet\u0105<\/p>\n<p><img loading=\"lazy\" decoding=\"async\" class=\"alignnone wp-image-2067\" src=\"https:\/\/zakopane.franciszkanie.pl\/wp-content\/uploads\/2026\/01\/IMG_0272-300x225.jpeg\" alt=\"\" width=\"473\" height=\"355\" srcset=\"https:\/\/zakopane.franciszkanie.pl\/wp-content\/uploads\/2026\/01\/IMG_0272-300x225.jpeg 300w, https:\/\/zakopane.franciszkanie.pl\/wp-content\/uploads\/2026\/01\/IMG_0272-1024x768.jpeg 1024w, https:\/\/zakopane.franciszkanie.pl\/wp-content\/uploads\/2026\/01\/IMG_0272-768x576.jpeg 768w, https:\/\/zakopane.franciszkanie.pl\/wp-content\/uploads\/2026\/01\/IMG_0272-1536x1152.jpeg 1536w, https:\/\/zakopane.franciszkanie.pl\/wp-content\/uploads\/2026\/01\/IMG_0272-2048x1536.jpeg 2048w\" sizes=\"auto, (max-width: 473px) 100vw, 473px\" \/><\/p>\n<p><img loading=\"lazy\" decoding=\"async\" class=\"alignnone wp-image-2068\" src=\"https:\/\/zakopane.franciszkanie.pl\/wp-content\/uploads\/2026\/01\/IMG_0275-300x225.jpeg\" alt=\"\" width=\"548\" height=\"411\" srcset=\"https:\/\/zakopane.franciszkanie.pl\/wp-content\/uploads\/2026\/01\/IMG_0275-300x225.jpeg 300w, https:\/\/zakopane.franciszkanie.pl\/wp-content\/uploads\/2026\/01\/IMG_0275-1024x768.jpeg 1024w, https:\/\/zakopane.franciszkanie.pl\/wp-content\/uploads\/2026\/01\/IMG_0275-768x576.jpeg 768w, https:\/\/zakopane.franciszkanie.pl\/wp-content\/uploads\/2026\/01\/IMG_0275-1536x1152.jpeg 1536w, https:\/\/zakopane.franciszkanie.pl\/wp-content\/uploads\/2026\/01\/IMG_0275-2048x1536.jpeg 2048w\" sizes=\"auto, (max-width: 548px) 100vw, 548px\" \/><\/p>\n<h3><\/h3>\n<h3><\/h3>\n<h3>POK\u00d3J NR 4 (3 osobowy)<\/h3>\n<p>Pok\u00f3j na pi\u0119trze, bez \u0142azienki i toalety.<\/p>\n<p>\u0141azienka i toaleta s\u0105 dost\u0119pne z korytarza.<\/p>\n<p><img loading=\"lazy\" decoding=\"async\" class=\"alignnone wp-image-1658\" src=\"https:\/\/zakopane.franciszkanie.pl\/wp-content\/uploads\/2018\/06\/IMG_2504-300x225.jpg\" alt=\"\" width=\"473\" height=\"355\" srcset=\"https:\/\/zakopane.franciszkanie.pl\/wp-content\/uploads\/2018\/06\/IMG_2504-300x225.jpg 300w, https:\/\/zakopane.franciszkanie.pl\/wp-content\/uploads\/2018\/06\/IMG_2504-768x576.jpg 768w, https:\/\/zakopane.franciszkanie.pl\/wp-content\/uploads\/2018\/06\/IMG_2504-1024x768.jpg 1024w\" sizes=\"auto, (max-width: 473px) 100vw, 473px\" \/><\/p>\n<h3><\/h3>\n<h3><\/h3>\n<h3><strong><span style=\"color: #003300;\">POK\u00d3J NR 5 (3 osobowy)<\/span><\/strong><\/h3>\n<p>Pok\u00f3j na pi\u0119trze, z \u0142azienk\u0105 i toalet\u0105<\/p>\n<p><img loading=\"lazy\" decoding=\"async\" class=\"alignnone wp-image-2070\" src=\"https:\/\/zakopane.franciszkanie.pl\/wp-content\/uploads\/2026\/01\/IMG_0277-300x225.jpeg\" alt=\"\" width=\"489\" height=\"367\" srcset=\"https:\/\/zakopane.franciszkanie.pl\/wp-content\/uploads\/2026\/01\/IMG_0277-300x225.jpeg 300w, https:\/\/zakopane.franciszkanie.pl\/wp-content\/uploads\/2026\/01\/IMG_0277-1024x768.jpeg 1024w, https:\/\/zakopane.franciszkanie.pl\/wp-content\/uploads\/2026\/01\/IMG_0277-768x576.jpeg 768w, https:\/\/zakopane.franciszkanie.pl\/wp-content\/uploads\/2026\/01\/IMG_0277-1536x1152.jpeg 1536w, https:\/\/zakopane.franciszkanie.pl\/wp-content\/uploads\/2026\/01\/IMG_0277-2048x1536.jpeg 2048w\" sizes=\"auto, (max-width: 489px) 100vw, 489px\" \/><\/p>\n<p><img loading=\"lazy\" decoding=\"async\" class=\"alignnone wp-image-2071\" src=\"https:\/\/zakopane.franciszkanie.pl\/wp-content\/uploads\/2026\/01\/IMG_0276-300x225.jpeg\" alt=\"\" width=\"475\" height=\"356\" srcset=\"https:\/\/zakopane.franciszkanie.pl\/wp-content\/uploads\/2026\/01\/IMG_0276-300x225.jpeg 300w, https:\/\/zakopane.franciszkanie.pl\/wp-content\/uploads\/2026\/01\/IMG_0276-1024x768.jpeg 1024w, https:\/\/zakopane.franciszkanie.pl\/wp-content\/uploads\/2026\/01\/IMG_0276-768x576.jpeg 768w, https:\/\/zakopane.franciszkanie.pl\/wp-content\/uploads\/2026\/01\/IMG_0276-1536x1152.jpeg 1536w, https:\/\/zakopane.franciszkanie.pl\/wp-content\/uploads\/2026\/01\/IMG_0276-2048x1536.jpeg 2048w\" sizes=\"auto, (max-width: 475px) 100vw, 475px\" \/><\/p>\n<p><img loading=\"lazy\" decoding=\"async\" class=\"alignnone wp-image-2072\" src=\"https:\/\/zakopane.franciszkanie.pl\/wp-content\/uploads\/2026\/01\/IMG_0279-300x225.jpeg\" alt=\"\" width=\"479\" height=\"359\" srcset=\"https:\/\/zakopane.franciszkanie.pl\/wp-content\/uploads\/2026\/01\/IMG_0279-300x225.jpeg 300w, https:\/\/zakopane.franciszkanie.pl\/wp-content\/uploads\/2026\/01\/IMG_0279-1024x768.jpeg 1024w, https:\/\/zakopane.franciszkanie.pl\/wp-content\/uploads\/2026\/01\/IMG_0279-768x576.jpeg 768w, https:\/\/zakopane.franciszkanie.pl\/wp-content\/uploads\/2026\/01\/IMG_0279-1536x1152.jpeg 1536w, https:\/\/zakopane.franciszkanie.pl\/wp-content\/uploads\/2026\/01\/IMG_0279-2048x1536.jpeg 2048w\" sizes=\"auto, (max-width: 479px) 100vw, 479px\" \/><\/p>\n<p style=\"text-align: center;\"><img loading=\"lazy\" decoding=\"async\" class=\"alignnone wp-image-567\" src=\"https:\/\/zakopane.franciszkanie.pl\/wp-content\/uploads\/2016\/04\/cropped-Logo-Kos\u00f3wka-300x300.png\" alt=\"cropped-Logo-Kos\u00f3wka.png\" width=\"119\" height=\"119\" srcset=\"https:\/\/zakopane.franciszkanie.pl\/wp-content\/uploads\/2016\/04\/cropped-Logo-Kos\u00f3wka-300x300.png 300w, https:\/\/zakopane.franciszkanie.pl\/wp-content\/uploads\/2016\/04\/cropped-Logo-Kos\u00f3wka-150x150.png 150w, https:\/\/zakopane.franciszkanie.pl\/wp-content\/uploads\/2016\/04\/cropped-Logo-Kos\u00f3wka-270x270.png 270w, https:\/\/zakopane.franciszkanie.pl\/wp-content\/uploads\/2016\/04\/cropped-Logo-Kos\u00f3wka-192x192.png 192w, https:\/\/zakopane.franciszkanie.pl\/wp-content\/uploads\/2016\/04\/cropped-Logo-Kos\u00f3wka-180x180.png 180w, https:\/\/zakopane.franciszkanie.pl\/wp-content\/uploads\/2016\/04\/cropped-Logo-Kos\u00f3wka-32x32.png 32w, https:\/\/zakopane.franciszkanie.pl\/wp-content\/uploads\/2016\/04\/cropped-Logo-Kos\u00f3wka.png 512w\" sizes=\"auto, (max-width: 119px) 100vw, 119px\" \/><\/p>\n","protected":false},"excerpt":{"rendered":"<p>\u00a0\u00a0 Terminy rezerwacji\u00a0pokoi\u00a0(aktualizowane s\u0105\u00a0na bie\u017c\u0105co) Poni\u017cej znajduje si\u0119 kalendarz rezerwacji oraz\u00a0informacje: jak dokona\u0107 rezerwacji, regulamin domu, informacja dotycz\u0105ca &#8222;op\u0142at&#8221; oraz opis pokoi.\u00a0 Prosz\u0119 chwil\u0119 poczeka\u0107, a\u017c kalendarz si\u0119 za\u0142aduje lub ponownie od\u015bwie\u017cy\u0107 stron\u0119. Pokoi jest cztery: nr 1, nr 3, nr 4 i nr 5. W\u00a0pokoju nr 2 jest kaplica (tego pokoju nie rezerwujemy, bo &hellip; <a href=\"https:\/\/zakopane.franciszkanie.pl\/?page_id=422\" class=\"more-link\">Czytaj dalej <span class=\"screen-reader-text\">Rezerwacje<\/span> <span class=\"meta-nav\">&rarr;<\/span><\/a><\/p>\n","protected":false},"author":2,"featured_media":0,"parent":0,"menu_order":0,"comment_status":"closed","ping_status":"open","template":"","meta":{"footnotes":""},"class_list":["post-422","page","type-page","status-publish","hentry"],"_links":{"self":[{"href":"https:\/\/zakopane.franciszkanie.pl\/index.php?rest_route=\/wp\/v2\/pages\/422","targetHints":{"allow":["GET"]}}],"collection":[{"href":"https:\/\/zakopane.franciszkanie.pl\/index.php?rest_route=\/wp\/v2\/pages"}],"about":[{"href":"https:\/\/zakopane.franciszkanie.pl\/index.php?rest_route=\/wp\/v2\/types\/page"}],"author":[{"embeddable":true,"href":"https:\/\/zakopane.franciszkanie.pl\/index.php?rest_route=\/wp\/v2\/users\/2"}],"replies":[{"embeddable":true,"href":"https:\/\/zakopane.franciszkanie.pl\/index.php?rest_route=%2Fwp%2Fv2%2Fcomments&post=422"}],"version-history":[{"count":129,"href":"https:\/\/zakopane.franciszkanie.pl\/index.php?rest_route=\/wp\/v2\/pages\/422\/revisions"}],"predecessor-version":[{"id":2101,"href":"https:\/\/zakopane.franciszkanie.pl\/index.php?rest_route=\/wp\/v2\/pages\/422\/revisions\/2101"}],"wp:attachment":[{"href":"https:\/\/zakopane.franciszkanie.pl\/index.php?rest_route=%2Fwp%2Fv2%2Fmedia&parent=422"}],"curies":[{"name":"wp","href":"https:\/\/api.w.org\/{rel}","templated":true}]}}