{"id":412,"date":"2016-01-22T16:43:51","date_gmt":"2016-01-22T16:43:51","guid":{"rendered":"http:\/\/localhost\/wordpress\/pixgraphy\/?page_id=2"},"modified":"2025-10-22T13:20:20","modified_gmt":"2025-10-22T13:20:20","slug":"sample-page-2","status":"publish","type":"page","link":"https:\/\/zakopane.franciszkanie.pl\/?page_id=412","title":{"rendered":"REKOLEKCJE"},"content":{"rendered":"<p><a href=\"https:\/\/www.facebook.com\/franciszkanie.zakopane\"><img loading=\"lazy\" decoding=\"async\" class=\"wp-image-506\" src=\"https:\/\/zakopane.franciszkanie.pl\/wp-content\/uploads\/2016\/09\/Zrzut-ekranu-2016-09-14-o-09.55.11.png\" alt=\"zrzut-ekranu-2016-09-14-o-09-55-11\" width=\"35\" height=\"35\" \/><\/a>\u00a0<a href=\"https:\/\/twitter.com\/_OFMConv\"><img loading=\"lazy\" decoding=\"async\" class=\"alignnone wp-image-973\" src=\"https:\/\/zakopane.franciszkanie.pl\/wp-content\/uploads\/2016\/05\/Zrzut-ekranu-2016-12-14-o-00.00.01.png\" alt=\"zrzut-ekranu-2016-12-14-o-00-00-01\" width=\"43\" height=\"35\" \/><\/a>\u00a0<a href=\"https:\/\/www.youtube.com\/channel\/UCJRZbXvrU2SinZr-SUjbCLQ?disable_polymer=true\"><img loading=\"lazy\" decoding=\"async\" class=\"alignnone wp-image-974\" src=\"https:\/\/zakopane.franciszkanie.pl\/wp-content\/uploads\/2016\/05\/Zrzut-ekranu-2016-12-14-o-00.04.01.png\" alt=\"zrzut-ekranu-2016-12-14-o-00-04-01\" width=\"76\" height=\"36\" \/><\/a><\/p>\n<p style=\"text-align: center;\"><span style=\"color: #000080;\"><strong>REKOLEKCJE &#8211;<span style=\"color: #ff0000;\">Nieaktualne do odwo\u0142ania.<\/span><\/strong><\/span><\/p>\n<p style=\"text-align: center;\"><img loading=\"lazy\" decoding=\"async\" class=\"alignnone wp-image-1718\" src=\"https:\/\/zakopane.franciszkanie.pl\/wp-content\/uploads\/2018\/10\/IMG_5036-1024x768.jpg\" alt=\"\" width=\"266\" height=\"199\" srcset=\"https:\/\/zakopane.franciszkanie.pl\/wp-content\/uploads\/2018\/10\/IMG_5036-1024x768.jpg 1024w, https:\/\/zakopane.franciszkanie.pl\/wp-content\/uploads\/2018\/10\/IMG_5036-300x225.jpg 300w, https:\/\/zakopane.franciszkanie.pl\/wp-content\/uploads\/2018\/10\/IMG_5036-768x576.jpg 768w, https:\/\/zakopane.franciszkanie.pl\/wp-content\/uploads\/2018\/10\/IMG_5036.jpg 1280w\" sizes=\"auto, (max-width: 266px) 100vw, 266px\" \/><\/p>\n<p style=\"text-align: center;\">Rekolekcje s\u0105 adresowane dla os\u00f3b konsekrowanych, \u015bwieckich (<strong>pe\u0142noletnich<\/strong>) i duchownych.<\/p>\n<p style=\"text-align: center;\">Odbywaj\u0105 si\u0119 <strong>w ma\u0142ej grupie<\/strong> (do 4 os\u00f3b).<\/p>\n<p style=\"text-align: center;\">Oparte s\u0105 o <strong>Regu\u0142\u0119 dla pustelni \u015bw. Franciszka z Asy\u017cu\u00a0<\/strong>i\u00a0<strong>Lectio Divina<\/strong> (czytanie S\u0142owa Bo\u017cego).<\/p>\n<p>&nbsp;<\/p>\n<p><strong>Koszt rekolekcji:<\/strong>\u00a0ja\u0142mu\u017cna<\/p>\n<p><strong>Co nale\u017cy zabra\u0107:<\/strong> rzeczy osobiste, str\u00f3j do wyj\u015bcia w g\u00f3ry, zamienne obuwie po domu (reszta jest a miejscu).<\/p>\n<ul>\n<li>Wybierz pok\u00f3j i interesuj\u0105cy Ci\u0119 termin. Wy\u015blij pro\u015bb\u0119 o rezerwacj\u0119 na adres e-mail: <a href=\"mailto:zakopane@franciszkanie.pl\">zakopane@franciszkanie.pl\u00a0<\/a><\/li>\n<\/ul>\n<p>W pro\u015bbie podaj:<\/p>\n<ul>\n<li>swoje imi\u0119 i nazwisko,<\/li>\n<li>termin rezerwacji czasu na rekolekcje<\/li>\n<li>nr pokoju, w kt\u00f3rym chcesz mieszka\u0107 (pokoje rezerwujemy wed\u0142ug kolejno\u015bci zg\u0142osze\u0144 &#8211; jeden pok\u00f3j dla jednej osoby)<\/li>\n<li>adres zamieszkania, nr telefonu do kontaktu i adres e-mail,<\/li>\n<li>poczekaj na potwierdzenie zg\u0142oszenia (zwykle odpowied\u017a jest tego samego dnia lub w dniu nast\u0119pnym).<\/li>\n<\/ul>\n<p><strong>Terminy rekolekcji: \u00a0<span style=\"color: #ff0000;\">Nieaktualne do odwo\u0142ania.<\/span><\/strong><\/p>\n<hr \/>\n<p style=\"text-align: left;\"><strong>W POZOSTA\u0141YM CZASIE:<\/strong><\/p>\n<ul>\n<li>pobyt m\u0142odzie\u017cy z o\u015brodk\u00f3w formacyjnych i duszpasterstw<\/li>\n<li>dni skupienia dla wsp\u00f3lnot zakonnych<\/li>\n<li>spotkanie komisji zakonnych<\/li>\n<li>warsztaty zaj\u0119ciowe i psychologiczne<\/li>\n<li>zjazdy rodzinne<\/li>\n<li>odpoczynek indywidualnych go\u015bci<\/li>\n<\/ul>\n<p style=\"text-align: center;\"><img loading=\"lazy\" decoding=\"async\" class=\"wp-image-517 aligncenter\" src=\"https:\/\/zakopane.franciszkanie.pl\/wp-content\/uploads\/2016\/04\/Logo-Kos\u00f3wka-288x300.png\" alt=\"logo-kosowka\" width=\"116\" height=\"121\" srcset=\"https:\/\/zakopane.franciszkanie.pl\/wp-content\/uploads\/2016\/04\/Logo-Kos\u00f3wka-288x300.png 288w, https:\/\/zakopane.franciszkanie.pl\/wp-content\/uploads\/2016\/04\/Logo-Kos\u00f3wka-768x801.png 768w, https:\/\/zakopane.franciszkanie.pl\/wp-content\/uploads\/2016\/04\/Logo-Kos\u00f3wka-982x1024.png 982w, https:\/\/zakopane.franciszkanie.pl\/wp-content\/uploads\/2016\/04\/Logo-Kos\u00f3wka.png 1599w\" sizes=\"auto, (max-width: 116px) 100vw, 116px\" \/><\/p>\n","protected":false},"excerpt":{"rendered":"<p>\u00a0\u00a0 REKOLEKCJE &#8211;Nieaktualne do odwo\u0142ania. Rekolekcje s\u0105 adresowane dla os\u00f3b konsekrowanych, \u015bwieckich (pe\u0142noletnich) i duchownych. Odbywaj\u0105 si\u0119 w ma\u0142ej grupie (do 4 os\u00f3b). Oparte s\u0105 o Regu\u0142\u0119 dla pustelni \u015bw. Franciszka z Asy\u017cu\u00a0i\u00a0Lectio Divina (czytanie S\u0142owa Bo\u017cego). &nbsp; Koszt rekolekcji:\u00a0ja\u0142mu\u017cna Co nale\u017cy zabra\u0107: rzeczy osobiste, str\u00f3j do wyj\u015bcia w g\u00f3ry, zamienne obuwie po domu (reszta &hellip; <a href=\"https:\/\/zakopane.franciszkanie.pl\/?page_id=412\" class=\"more-link\">Czytaj dalej <span class=\"screen-reader-text\">REKOLEKCJE<\/span> <span class=\"meta-nav\">&rarr;<\/span><\/a><\/p>\n","protected":false},"author":2,"featured_media":0,"parent":0,"menu_order":0,"comment_status":"closed","ping_status":"open","template":"","meta":{"footnotes":""},"class_list":["post-412","page","type-page","status-publish","hentry"],"_links":{"self":[{"href":"https:\/\/zakopane.franciszkanie.pl\/index.php?rest_route=\/wp\/v2\/pages\/412","targetHints":{"allow":["GET"]}}],"collection":[{"href":"https:\/\/zakopane.franciszkanie.pl\/index.php?rest_route=\/wp\/v2\/pages"}],"about":[{"href":"https:\/\/zakopane.franciszkanie.pl\/index.php?rest_route=\/wp\/v2\/types\/page"}],"author":[{"embeddable":true,"href":"https:\/\/zakopane.franciszkanie.pl\/index.php?rest_route=\/wp\/v2\/users\/2"}],"replies":[{"embeddable":true,"href":"https:\/\/zakopane.franciszkanie.pl\/index.php?rest_route=%2Fwp%2Fv2%2Fcomments&post=412"}],"version-history":[{"count":129,"href":"https:\/\/zakopane.franciszkanie.pl\/index.php?rest_route=\/wp\/v2\/pages\/412\/revisions"}],"predecessor-version":[{"id":1848,"href":"https:\/\/zakopane.franciszkanie.pl\/index.php?rest_route=\/wp\/v2\/pages\/412\/revisions\/1848"}],"wp:attachment":[{"href":"https:\/\/zakopane.franciszkanie.pl\/index.php?rest_route=%2Fwp%2Fv2%2Fmedia&parent=412"}],"curies":[{"name":"wp","href":"https:\/\/api.w.org\/{rel}","templated":true}]}}