{"id":2,"date":"2016-05-10T03:48:21","date_gmt":"2016-05-10T03:48:21","guid":{"rendered":"http:\/\/wp452m.a10-52-158-154.qa.plesk.ru\/wordpress\/?page_id=2"},"modified":"2026-01-11T09:37:10","modified_gmt":"2026-01-11T09:37:10","slug":"sample-page","status":"publish","type":"page","link":"https:\/\/zakopane.franciszkanie.pl\/","title":{"rendered":"Pok\u00f3j i Dobro!"},"content":{"rendered":"<p style=\"text-align: justify;\"><a href=\"https:\/\/www.facebook.com\/franciszkanie.zakopane\"><img loading=\"lazy\" decoding=\"async\" class=\"wp-image-506\" src=\"https:\/\/zakopane.franciszkanie.pl\/wp-content\/uploads\/2016\/09\/Zrzut-ekranu-2016-09-14-o-09.55.11.png\" alt=\"zrzut-ekranu-2016-09-14-o-09-55-11\" width=\"35\" height=\"35\" \/><\/a>\u00a0<a href=\"https:\/\/twitter.com\/_OFMConv\"><img loading=\"lazy\" decoding=\"async\" class=\"alignnone wp-image-973\" src=\"https:\/\/zakopane.franciszkanie.pl\/wp-content\/uploads\/2016\/05\/Zrzut-ekranu-2016-12-14-o-00.00.01.png\" alt=\"zrzut-ekranu-2016-12-14-o-00-00-01\" width=\"43\" height=\"35\" \/><\/a>\u00a0<a href=\"https:\/\/www.youtube.com\/channel\/UCJRZbXvrU2SinZr-SUjbCLQ?disable_polymer=true\"><img loading=\"lazy\" decoding=\"async\" class=\"alignnone wp-image-974\" src=\"https:\/\/zakopane.franciszkanie.pl\/wp-content\/uploads\/2016\/05\/Zrzut-ekranu-2016-12-14-o-00.04.01.png\" alt=\"zrzut-ekranu-2016-12-14-o-00-04-01\" width=\"76\" height=\"36\" \/><\/a><\/p>\n<p>Na tej stronie znajdziesz informacje o \u201eKos\u00f3wce\u201d w Zakopanem; \u00a0domu, czekaj\u0105cym na Ciebie przy wej\u015bciu do Doliny Str\u0105\u017cyskiej.<\/p>\n<p><iframe loading=\"lazy\" title=\"Dla tych, co tu nie mog\u0105 by\u0107\" width=\"474\" height=\"267\" src=\"https:\/\/www.youtube.com\/embed\/Cru6tDAdIZU?feature=oembed\" frameborder=\"0\" allow=\"accelerometer; autoplay; clipboard-write; encrypted-media; gyroscope; picture-in-picture; web-share\" referrerpolicy=\"strict-origin-when-cross-origin\" allowfullscreen><\/iframe><\/p>\n<p>Dom Zakonny &#8222;Franciszkanie &#8211; Kos\u00f3wka&#8221; nale\u017cy do Prowincji \u015bw. Antoniego i b\u0142. Jakuba Strzemi\u0119 Zakonu Braci Mniejszych Konwentualnych (Franciszkan\u00f3w) &#8211; z siedzib\u0105 w Krakowie.<\/p>\n<p><iframe loading=\"lazy\" title=\"&quot;KOS\u00d3WKA&quot;  - Zwiastun\" width=\"474\" height=\"267\" src=\"https:\/\/www.youtube.com\/embed\/VGU5J7kM0r8?feature=oembed\" frameborder=\"0\" allow=\"accelerometer; autoplay; clipboard-write; encrypted-media; gyroscope; picture-in-picture; web-share\" referrerpolicy=\"strict-origin-when-cross-origin\" allowfullscreen><\/iframe><\/p>\n<p>&#8222;Kos\u00f3wka&#8221; &#8211; to prosty, zabytkowy, g\u00f3ralski domek, nawi\u0105zuj\u0105cy sylwetk\u0105 do stylu w architekturze Zakopanego stworzonego przez Stanis\u0142awa Witkiewicza.<\/p>\n<p style=\"text-align: justify;\">Tu jest miejsce blisko pi\u0119knych tras g\u00f3rskich; gdzie mo\u017cesz przystan\u0105\u0107 w biegu \u017cycia, zaczerpn\u0105\u0107 ducha, poby\u0107 blisko Boga.<\/p>\n<p><iframe loading=\"lazy\" title=\"Goryczkowa\u0328 trasa\u0328\" width=\"474\" height=\"267\" src=\"https:\/\/www.youtube.com\/embed\/OemsDu6gi4I?feature=oembed\" frameborder=\"0\" allow=\"accelerometer; autoplay; clipboard-write; encrypted-media; gyroscope; picture-in-picture; web-share\" referrerpolicy=\"strict-origin-when-cross-origin\" allowfullscreen><\/iframe><\/p>\n<p style=\"text-align: justify;\">To dom dla Ciebie &#8211; zar\u00f3wno na osobisty odpoczynek\u00a0jak i na indywidualne lub grupowe rekolekcje, na warsztaty, spotkania&#8230; Tu \u00a0w g\u00f3rach, jakby bli\u017cej Boga.<\/p>\n<hr \/>\n<div class=\"page\" title=\"Page 1\">\n<div class=\"section\">\n<div class=\"layoutArea\">\n<p style=\"text-align: center;\"><span style=\"color: #333399;\"><strong>Droga Krzy\u017cowa &#8211; w duchu uwielbienia<\/strong><\/span><\/p>\n<p><iframe loading=\"lazy\" title=\"DROGA KRZY\u017bOWA - W DUCHU UWIELBIENIA\" width=\"474\" height=\"267\" src=\"https:\/\/www.youtube.com\/embed\/vXMvqCqVLww?feature=oembed\" frameborder=\"0\" allow=\"accelerometer; autoplay; clipboard-write; encrypted-media; gyroscope; picture-in-picture; web-share\" referrerpolicy=\"strict-origin-when-cross-origin\" allowfullscreen><\/iframe><\/p>\n<div class=\"layoutArea\">\n<p style=\"text-align: center;\"><em>(<span style=\"color: #0000ff;\"><a style=\"color: #0000ff;\" href=\"https:\/\/zakopane.franciszkanie.pl\/wp-content\/uploads\/2021\/02\/Droga-Krzyzowa-w-duchu-uwielbienia.mp3\">Plik MP3 &#8211; 23 MB &#8211; 45 minut<\/a>, <a style=\"color: #0000ff;\" href=\"https:\/\/zakopane.franciszkanie.pl\/wp-content\/uploads\/2021\/02\/Droga-Krzyzowa-w-duchu-uwielbienia.pdf\">PDF &#8211; 172 MB<\/a><\/span>)<\/em><\/p>\n<audio class=\"wp-audio-shortcode\" id=\"audio-2-1\" preload=\"none\" style=\"width: 100%;\" controls=\"controls\"><source type=\"audio\/mpeg\" src=\"https:\/\/zakopane.franciszkanie.pl\/wp-content\/uploads\/2021\/02\/Droga-Krzyzowa-w-duchu-uwielbienia.mp3?_=1\" \/><a href=\"https:\/\/zakopane.franciszkanie.pl\/wp-content\/uploads\/2021\/02\/Droga-Krzyzowa-w-duchu-uwielbienia.mp3\">https:\/\/zakopane.franciszkanie.pl\/wp-content\/uploads\/2021\/02\/Droga-Krzyzowa-w-duchu-uwielbienia.mp3<\/a><\/audio>\n<\/div>\n<p style=\"text-align: center;\"><span style=\"color: #333399;\"><em>Dla wielu ludzi terenem, kt\u00f3ry sprzyja do rozmowy z Bogiem s\u0105 g\u00f3ry. Przemawiaj\u0105 one swoim pi\u0119knem i pot\u0119g\u0105. W\u0119druj\u0105c szczytami mo\u017cna us\u0142ysze\u0107, a nawet \u201epoczu\u0107\u201d i \u201ezobaczy\u0107\u201d s\u0142owo, kt\u00f3re wypowiada do nas ich Stw\u00f3rca.\u00a0Te rozwa\u017cania powsta\u0142y z my\u015bl\u0105 o tych, kt\u00f3rzy wybieraj\u0105 si\u0119 w g\u00f3ry i chc\u0105 cz\u0119\u015b\u0107 w\u0119dr\u00f3wki przej\u015b\u0107 medytuj\u0105c stacje drogi krzy\u017cowej. Trud wspinaczki \u0142atwiej wprowadza, w do\u015bwiadczenie krzy\u017ca. Id\u0105c g\u00f3rskim szlakiem mo\u017cesz zatrzyma\u0107 si\u0119 w jakim\u015b miejscu, aby na chwil\u0119 przeczyta\u0107 te rozwa\u017cania, albo ich pos\u0142ucha\u0107.<\/em><\/span><\/p>\n<hr \/>\n<\/div>\n<\/div>\n<\/div>\n<p><iframe loading=\"lazy\" title=\"W g\u00f3rach - bli\u017cej Boga\" width=\"474\" height=\"267\" src=\"https:\/\/www.youtube.com\/embed\/m5qKMh-qh7c?feature=oembed\" frameborder=\"0\" allow=\"accelerometer; autoplay; clipboard-write; encrypted-media; gyroscope; picture-in-picture; web-share\" referrerpolicy=\"strict-origin-when-cross-origin\" allowfullscreen><\/iframe><\/p>\n<p style=\"text-align: justify;\">Dom &#8222;Kos\u00f3wka&#8221; po\u015bwi\u0119camy franciszka\u0144skim misjonarzom, m\u0119czennikom &#8211; b\u0142. Zbigniewowi Strza\u0142kowskiemu i b\u0142. Micha\u0142owi Tomaszkow<span class=\"text_exposed_show\">i &#8211; zamordowanym 9 sierpnia 1991 w Peru.\u00a0<\/span>Tu powsta\u0142a pierwsza Kaplica w Polsce pod ich wezwaniem.<\/p>\n<p><iframe loading=\"lazy\" title=\"\u015awiadkowie nadziei - teledysk do hymnu beatyfikacyjnego.\" width=\"474\" height=\"267\" src=\"https:\/\/www.youtube.com\/embed\/34al_iwIp0M?feature=oembed\" frameborder=\"0\" allow=\"accelerometer; autoplay; clipboard-write; encrypted-media; gyroscope; picture-in-picture; web-share\" referrerpolicy=\"strict-origin-when-cross-origin\" allowfullscreen><\/iframe><\/p>\n<p style=\"text-align: justify;\">Dajemy Tobie \u00a0dom, kt\u00f3ry si\u0119 ci\u0105gle rozwija&#8230; aby\u015b w nim m\u00f3g\u0142\u00a0&#8222;wzrasta\u0107 w \u0142asce u Boga i u ludzi&#8221; (por. \u0141k, 2, 52)<\/p>\n<p><iframe loading=\"lazy\" title=\"&quot;Koso\u0301wka&quot; - dobra na wszystko\" width=\"474\" height=\"267\" src=\"https:\/\/www.youtube.com\/embed\/0-c71VPNwrc?feature=oembed\" frameborder=\"0\" allow=\"accelerometer; autoplay; clipboard-write; encrypted-media; gyroscope; picture-in-picture; web-share\" referrerpolicy=\"strict-origin-when-cross-origin\" allowfullscreen><\/iframe><\/p>\n<p style=\"text-align: justify;\">Informacje o planowanych spotkaniach i wolnych pokojach s\u0105 na bie\u017c\u0105co aktualizowane &#8211; w zak\u0142adce rekolekcje i rezerwacje domu.<\/p>\n<p style=\"text-align: center;\"><img loading=\"lazy\" decoding=\"async\" class=\"wp-image-517 aligncenter\" src=\"https:\/\/zakopane.franciszkanie.pl\/wp-content\/uploads\/2016\/04\/Logo-Kos\u00f3wka-288x300.png\" alt=\"logo-kosowka\" width=\"116\" height=\"121\" srcset=\"https:\/\/zakopane.franciszkanie.pl\/wp-content\/uploads\/2016\/04\/Logo-Kos\u00f3wka-288x300.png 288w, https:\/\/zakopane.franciszkanie.pl\/wp-content\/uploads\/2016\/04\/Logo-Kos\u00f3wka-768x801.png 768w, https:\/\/zakopane.franciszkanie.pl\/wp-content\/uploads\/2016\/04\/Logo-Kos\u00f3wka-982x1024.png 982w, https:\/\/zakopane.franciszkanie.pl\/wp-content\/uploads\/2016\/04\/Logo-Kos\u00f3wka.png 1599w\" sizes=\"auto, (max-width: 116px) 100vw, 116px\" \/><\/p>\n<hr \/>\n<pre style=\"text-align: left;\"><span style=\"color: #999999;\">Strona za\u0142o\u017cona: 14 wrze\u015bnia 2016 r.<\/span><\/pre>\n<p><span style=\"color: #999999;\"><!-- www.DarmowyLicznik.pl --><\/span><\/p>\n<div class=\"image-rotator\" style=\"text-align: center;\">\n<pre id=\"rotator-slide-1\" class=\"rotator-slide\" style=\"text-align: left;\"><span style=\"color: #999999;\"><img loading=\"lazy\" decoding=\"async\" class=\"alignleft\" style=\"border: 0px;\" src=\"http:\/\/www.darmowylicznik.pl\/licznik.php?id=127793\" alt=\"Darmowy licznik odwiedzin\" width=\"85\" height=\"17\" \/>\u00a0- licznik odwiedzin od 12.12.2016 r.\r\n<\/span><\/pre>\n<\/div>\n<p><!-- END www.DarmowyLicznik.pl --><\/p>\n","protected":false},"excerpt":{"rendered":"<p>\u00a0\u00a0 Na tej stronie znajdziesz informacje o \u201eKos\u00f3wce\u201d w Zakopanem; \u00a0domu, czekaj\u0105cym na Ciebie przy wej\u015bciu do Doliny Str\u0105\u017cyskiej. Dom Zakonny &#8222;Franciszkanie &#8211; Kos\u00f3wka&#8221; nale\u017cy do Prowincji \u015bw. Antoniego i b\u0142. Jakuba Strzemi\u0119 Zakonu Braci Mniejszych Konwentualnych (Franciszkan\u00f3w) &#8211; z siedzib\u0105 w Krakowie. &#8222;Kos\u00f3wka&#8221; &#8211; to prosty, zabytkowy, g\u00f3ralski domek, nawi\u0105zuj\u0105cy sylwetk\u0105 do stylu w &hellip; <a href=\"https:\/\/zakopane.franciszkanie.pl\/\" class=\"more-link\">Czytaj dalej <span class=\"screen-reader-text\">Pok\u00f3j i Dobro!<\/span> <span class=\"meta-nav\">&rarr;<\/span><\/a><\/p>\n","protected":false},"author":2,"featured_media":0,"parent":0,"menu_order":0,"comment_status":"closed","ping_status":"open","template":"","meta":{"footnotes":""},"class_list":["post-2","page","type-page","status-publish","hentry"],"_links":{"self":[{"href":"https:\/\/zakopane.franciszkanie.pl\/index.php?rest_route=\/wp\/v2\/pages\/2","targetHints":{"allow":["GET"]}}],"collection":[{"href":"https:\/\/zakopane.franciszkanie.pl\/index.php?rest_route=\/wp\/v2\/pages"}],"about":[{"href":"https:\/\/zakopane.franciszkanie.pl\/index.php?rest_route=\/wp\/v2\/types\/page"}],"author":[{"embeddable":true,"href":"https:\/\/zakopane.franciszkanie.pl\/index.php?rest_route=\/wp\/v2\/users\/2"}],"replies":[{"embeddable":true,"href":"https:\/\/zakopane.franciszkanie.pl\/index.php?rest_route=%2Fwp%2Fv2%2Fcomments&post=2"}],"version-history":[{"count":53,"href":"https:\/\/zakopane.franciszkanie.pl\/index.php?rest_route=\/wp\/v2\/pages\/2\/revisions"}],"predecessor-version":[{"id":2095,"href":"https:\/\/zakopane.franciszkanie.pl\/index.php?rest_route=\/wp\/v2\/pages\/2\/revisions\/2095"}],"wp:attachment":[{"href":"https:\/\/zakopane.franciszkanie.pl\/index.php?rest_route=%2Fwp%2Fv2%2Fmedia&parent=2"}],"curies":[{"name":"wp","href":"https:\/\/api.w.org\/{rel}","templated":true}]}}