{"id":1027,"date":"2016-12-25T17:41:46","date_gmt":"2016-12-25T17:41:46","guid":{"rendered":"http:\/\/zakopane.franciszkanie.pl\/?page_id=1027"},"modified":"2025-10-22T10:15:37","modified_gmt":"2025-10-22T10:15:37","slug":"zamawianie-intencji-mszy-sw","status":"publish","type":"page","link":"https:\/\/zakopane.franciszkanie.pl\/?page_id=1027","title":{"rendered":"Intencje mszalne"},"content":{"rendered":"<p><a href=\"https:\/\/www.facebook.com\/franciszkanie.zakopane\"><img loading=\"lazy\" decoding=\"async\" class=\"wp-image-506\" src=\"https:\/\/zakopane.franciszkanie.pl\/wp-content\/uploads\/2016\/09\/Zrzut-ekranu-2016-09-14-o-09.55.11.png\" alt=\"zrzut-ekranu-2016-09-14-o-09-55-11\" width=\"35\" height=\"35\" \/><\/a>\u00a0<a href=\"https:\/\/twitter.com\/_OFMConv\"><img loading=\"lazy\" decoding=\"async\" class=\"alignnone wp-image-973\" src=\"https:\/\/zakopane.franciszkanie.pl\/wp-content\/uploads\/2016\/05\/Zrzut-ekranu-2016-12-14-o-00.00.01.png\" alt=\"zrzut-ekranu-2016-12-14-o-00-00-01\" width=\"43\" height=\"35\" \/><\/a>\u00a0<a href=\"https:\/\/www.youtube.com\/channel\/UCJRZbXvrU2SinZr-SUjbCLQ?disable_polymer=true\"><img loading=\"lazy\" decoding=\"async\" class=\"alignnone wp-image-974\" src=\"https:\/\/zakopane.franciszkanie.pl\/wp-content\/uploads\/2016\/05\/Zrzut-ekranu-2016-12-14-o-00.04.01.png\" alt=\"zrzut-ekranu-2016-12-14-o-00-04-01\" width=\"76\" height=\"36\" \/><\/a><\/p>\n<p style=\"text-align: center;\"><strong>Mo\u017cna zam\u00f3wi\u0107 u nas intencje Mszy \u015bwi\u0119tych.<\/strong><\/p>\n<p style=\"text-align: center;\"><img loading=\"lazy\" decoding=\"async\" class=\"alignnone size-medium wp-image-1898\" src=\"https:\/\/zakopane.franciszkanie.pl\/wp-content\/uploads\/2025\/10\/kaplica-300x200.jpg\" alt=\"\" width=\"300\" height=\"200\" srcset=\"https:\/\/zakopane.franciszkanie.pl\/wp-content\/uploads\/2025\/10\/kaplica-300x200.jpg 300w, https:\/\/zakopane.franciszkanie.pl\/wp-content\/uploads\/2025\/10\/kaplica-1024x684.jpg 1024w, https:\/\/zakopane.franciszkanie.pl\/wp-content\/uploads\/2025\/10\/kaplica-768x513.jpg 768w, https:\/\/zakopane.franciszkanie.pl\/wp-content\/uploads\/2025\/10\/kaplica.jpg 1200w\" sizes=\"auto, (max-width: 300px) 100vw, 300px\" \/><\/p>\n<p style=\"text-align: center;\">Terminy do uzgodnienia: <a href=\"mailto:zakopane@franciszkanie.pl\">zakopane@franciszkanie.pl<\/a><\/p>\n<p style=\"text-align: center;\">Dobrowoln\u0105 ofiar\u0119 mo\u017cna z\u0142o\u017cy\u0107 &#8211; konto bankowe:<\/p>\n<div class=\"_39k2\">\n<div class=\"_2yud clearfix\" style=\"text-align: center;\">Prowincja Franciszkan\u00f3w\u00a0(Dom &#8211; Zakopane)<\/div>\n<\/div>\n<div class=\"_39k5 _5s6c\">\n<div class=\"_2cuy _3dgx _2vxa\" style=\"text-align: center;\">ul. Hetmana \u017b\u00f3\u0142kiewskiego 14, 31-539 Krak\u00f3w<\/div>\n<div class=\"_2cuy _3dgx _2vxa\" style=\"text-align: center;\">Nr konta:\u00a012 1600 1013 1846 2790 7000 0008<\/div>\n<div class=\"_2cuy _3dgx _2vxa\" style=\"text-align: center;\">BNP PARIBAS O.\/Krak\u00f3w<\/div>\n<\/div>\n<div class=\"_39k2\"><\/div>\n<div class=\"_39k5 _5s6c\"><\/div>\n<p><img loading=\"lazy\" decoding=\"async\" class=\"wp-image-517 aligncenter\" src=\"https:\/\/zakopane.franciszkanie.pl\/wp-content\/uploads\/2016\/04\/Logo-Kos%C3%B3wka-288x300.png\" sizes=\"auto, (max-width: 116px) 100vw, 116px\" srcset=\"https:\/\/zakopane.franciszkanie.pl\/wp-content\/uploads\/2016\/04\/Logo-Kos%C3%B3wka-288x300.png 288x, https:\/\/zakopane.franciszkanie.pl\/wp-content\/uploads\/2016\/04\/Logo-Kos%C3%B3wka-768x801.png 768x, https:\/\/zakopane.franciszkanie.pl\/wp-content\/uploads\/2016\/04\/Logo-Kos%C3%B3wka-982x1024.png 982x, https:\/\/zakopane.franciszkanie.pl\/wp-content\/uploads\/2016\/04\/Logo-Kos%C3%B3wka.png 1599x\" alt=\"logo-kosowka\" width=\"116\" height=\"121\" \/><\/p>\n","protected":false},"excerpt":{"rendered":"<p>\u00a0\u00a0 Mo\u017cna zam\u00f3wi\u0107 u nas intencje Mszy \u015bwi\u0119tych. Terminy do uzgodnienia: zakopane@franciszkanie.pl Dobrowoln\u0105 ofiar\u0119 mo\u017cna z\u0142o\u017cy\u0107 &#8211; konto bankowe: Prowincja Franciszkan\u00f3w\u00a0(Dom &#8211; Zakopane) ul. Hetmana \u017b\u00f3\u0142kiewskiego 14, 31-539 Krak\u00f3w Nr konta:\u00a012 1600 1013 1846 2790 7000 0008 BNP PARIBAS O.\/Krak\u00f3w<\/p>\n","protected":false},"author":2,"featured_media":0,"parent":0,"menu_order":0,"comment_status":"closed","ping_status":"closed","template":"","meta":{"footnotes":""},"class_list":["post-1027","page","type-page","status-publish","hentry"],"_links":{"self":[{"href":"https:\/\/zakopane.franciszkanie.pl\/index.php?rest_route=\/wp\/v2\/pages\/1027","targetHints":{"allow":["GET"]}}],"collection":[{"href":"https:\/\/zakopane.franciszkanie.pl\/index.php?rest_route=\/wp\/v2\/pages"}],"about":[{"href":"https:\/\/zakopane.franciszkanie.pl\/index.php?rest_route=\/wp\/v2\/types\/page"}],"author":[{"embeddable":true,"href":"https:\/\/zakopane.franciszkanie.pl\/index.php?rest_route=\/wp\/v2\/users\/2"}],"replies":[{"embeddable":true,"href":"https:\/\/zakopane.franciszkanie.pl\/index.php?rest_route=%2Fwp%2Fv2%2Fcomments&post=1027"}],"version-history":[{"count":12,"href":"https:\/\/zakopane.franciszkanie.pl\/index.php?rest_route=\/wp\/v2\/pages\/1027\/revisions"}],"predecessor-version":[{"id":1900,"href":"https:\/\/zakopane.franciszkanie.pl\/index.php?rest_route=\/wp\/v2\/pages\/1027\/revisions\/1900"}],"wp:attachment":[{"href":"https:\/\/zakopane.franciszkanie.pl\/index.php?rest_route=%2Fwp%2Fv2%2Fmedia&parent=1027"}],"curies":[{"name":"wp","href":"https:\/\/api.w.org\/{rel}","templated":true}]}}